{"id":432,"date":"2021-06-05T13:00:48","date_gmt":"2021-06-05T13:00:48","guid":{"rendered":"https:\/\/neu.mtvmaegenwil.ch\/?page_id=432"},"modified":"2022-09-06T15:22:21","modified_gmt":"2022-09-06T15:22:21","slug":"sponsoren","status":"publish","type":"page","link":"https:\/\/mtvmaegenwil.ch\/?page_id=432","title":{"rendered":"Sponsoren"},"content":{"rendered":"\n<p>F\u00fcr unser Waldhaus aber auch zu anderen Gelegenheiten wie z.B. f\u00fcr den Turnerabend sind wir immer sehr dankbar, wenn wir unterst\u00fctzt werden. <\/p>\n\n\n\n<p><\/p>\n","protected":false},"excerpt":{"rendered":"<p>F\u00fcr unser Waldhaus aber auch zu anderen Gelegenheiten wie z.B. f\u00fcr den Turnerabend sind wir immer sehr dankbar, wenn wir unterst\u00fctzt werden.<\/p>\n","protected":false},"author":1,"featured_media":0,"parent":0,"menu_order":0,"comment_status":"closed","ping_status":"closed","template":"","meta":{"ngg_post_thumbnail":0,"footnotes":""},"class_list":["post-432","page","type-page","status-publish","hentry"],"_links":{"self":[{"href":"https:\/\/mtvmaegenwil.ch\/index.php?rest_route=\/wp\/v2\/pages\/432","targetHints":{"allow":["GET"]}}],"collection":[{"href":"https:\/\/mtvmaegenwil.ch\/index.php?rest_route=\/wp\/v2\/pages"}],"about":[{"href":"https:\/\/mtvmaegenwil.ch\/index.php?rest_route=\/wp\/v2\/types\/page"}],"author":[{"embeddable":true,"href":"https:\/\/mtvmaegenwil.ch\/index.php?rest_route=\/wp\/v2\/users\/1"}],"replies":[{"embeddable":true,"href":"https:\/\/mtvmaegenwil.ch\/index.php?rest_route=%2Fwp%2Fv2%2Fcomments&post=432"}],"version-history":[{"count":5,"href":"https:\/\/mtvmaegenwil.ch\/index.php?rest_route=\/wp\/v2\/pages\/432\/revisions"}],"predecessor-version":[{"id":799,"href":"https:\/\/mtvmaegenwil.ch\/index.php?rest_route=\/wp\/v2\/pages\/432\/revisions\/799"}],"wp:attachment":[{"href":"https:\/\/mtvmaegenwil.ch\/index.php?rest_route=%2Fwp%2Fv2%2Fmedia&parent=432"}],"curies":[{"name":"wp","href":"https:\/\/api.w.org\/{rel}","templated":true}]}}