{"id":158,"date":"2021-05-01T14:59:34","date_gmt":"2021-05-01T14:59:34","guid":{"rendered":"https:\/\/neu.mtvmaegenwil.ch\/?page_id=158"},"modified":"2024-06-14T09:19:41","modified_gmt":"2024-06-14T09:19:41","slug":"reservation-waldhaus","status":"publish","type":"page","link":"https:\/\/mtvmaegenwil.ch\/?page_id=158","title":{"rendered":"Reservation Waldhaus"},"content":{"rendered":"\t\t<div data-elementor-type=\"wp-page\" data-elementor-id=\"158\" class=\"elementor elementor-158\">\n\t\t\t\t\t\t<section class=\"elementor-section elementor-top-section elementor-element elementor-element-43b2c0b8 elementor-section-boxed elementor-section-height-default elementor-section-height-default\" data-id=\"43b2c0b8\" data-element_type=\"section\" data-e-type=\"section\">\n\t\t\t\t\t\t<div class=\"elementor-container elementor-column-gap-default\">\n\t\t\t\t\t<div class=\"elementor-column elementor-col-100 elementor-top-column elementor-element elementor-element-62554bee\" data-id=\"62554bee\" data-element_type=\"column\" data-e-type=\"column\">\n\t\t\t<div class=\"elementor-widget-wrap elementor-element-populated\">\n\t\t\t\t\t\t<div class=\"elementor-element elementor-element-ab7f986 elementor-widget elementor-widget-image\" data-id=\"ab7f986\" data-element_type=\"widget\" data-e-type=\"widget\" data-widget_type=\"image.default\">\n\t\t\t\t<div class=\"elementor-widget-container\">\n\t\t\t\t\t\t\t\t\t\t\t\t\t\t\t\t<a href=\"https:\/\/mtvmaegenwil.ch\/wp-content\/uploads\/2023\/07\/Waldhaus-Aussen-3.jpg\" data-elementor-open-lightbox=\"yes\" data-elementor-lightbox-title=\"Waldhaus Front 1\" data-e-action-hash=\"#elementor-action%3Aaction%3Dlightbox%26settings%3DeyJpZCI6OTU1LCJ1cmwiOiJodHRwczpcL1wvbXR2bWFlZ2Vud2lsLmNoXC93cC1jb250ZW50XC91cGxvYWRzXC8yMDIzXC8wN1wvV2FsZGhhdXMtQXVzc2VuLTMuanBnIn0%3D\">\n\t\t\t\t\t\t\t<img fetchpriority=\"high\" decoding=\"async\" width=\"1024\" height=\"768\" src=\"https:\/\/mtvmaegenwil.ch\/wp-content\/uploads\/2023\/07\/Waldhaus-Aussen-3-1024x768.jpg\" class=\"attachment-large size-large wp-image-955\" alt=\"\" srcset=\"https:\/\/mtvmaegenwil.ch\/wp-content\/uploads\/2023\/07\/Waldhaus-Aussen-3-1024x768.jpg 1024w, https:\/\/mtvmaegenwil.ch\/wp-content\/uploads\/2023\/07\/Waldhaus-Aussen-3-300x225.jpg 300w, https:\/\/mtvmaegenwil.ch\/wp-content\/uploads\/2023\/07\/Waldhaus-Aussen-3-768x576.jpg 768w, https:\/\/mtvmaegenwil.ch\/wp-content\/uploads\/2023\/07\/Waldhaus-Aussen-3-1536x1152.jpg 1536w, https:\/\/mtvmaegenwil.ch\/wp-content\/uploads\/2023\/07\/Waldhaus-Aussen-3.jpg 2048w\" sizes=\"(max-width: 1024px) 100vw, 1024px\" \/>\t\t\t\t\t\t\t\t<\/a>\n\t\t\t\t\t\t\t\t\t\t\t\t\t\t\t<\/div>\n\t\t\t\t<\/div>\n\t\t\t\t<div class=\"elementor-element elementor-element-78aaacdb elementor-widget elementor-widget-text-editor\" data-id=\"78aaacdb\" data-element_type=\"widget\" data-e-type=\"widget\" data-widget_type=\"text-editor.default\">\n\t\t\t\t<div class=\"elementor-widget-container\">\n\t\t\t\t\t\t\t\t\t<p><\/p>\n<p>Unser Waldhaus ist geeignet f\u00fcr kleinere Anl\u00e4sse und bietet Platz f\u00fcr ca. 25 -30 Personen.<\/p>\n<p><\/p>\n<p>Das vollst\u00e4ndige Formular muss mindestens zwei Wochen vor dem Anlass per E-Mail an <a href=\"mailto:waldhaus@mtvmaegenwil.ch\" target=\"_blank\" rel=\"noreferrer noopener\">waldhaus@mtvmaegenwil.ch<\/a> zugestellt werden.<\/p>\n<p><\/p>\n<p>Die Mietgeb\u00fchr betr\u00e4gt CHF 180.00 pro Anlass\/Tag (f\u00fcr M\u00e4genwiler Vereinsanl\u00e4sse CHF 120.00). Im Mietpreis inbegriffen sind Mineralwasser mit Kohlens\u00e4ure<span style=\"font-family: Calibri, sans-serif;\"><span style=\"font-size: 14.6667px;\">,<\/span><\/span><span style=\"color: var( --e-global-color-text );\">\u00a0Holz, Wasser und Strom. Bei \u00fcberm\u00e4ssigem Verbrauch kann eine Nachzahlung eingefordert werden.<\/span><\/p>\n<p><\/p>\n<p>Hier finden Sie die Reservationsbestimmungen und das <a href=\"https:\/\/mtvmaegenwil.ch\/wp-content\/uploads\/2022\/09\/MTV_Waldhaus_Gesuch-2022.docx\">Reservationsgesuch<\/a>.<\/p>\n<p><span style=\"font-size: 11.0pt; font-family: 'Verdana',sans-serif; mso-fareast-font-family: 'Times New Roman'; mso-bidi-font-family: 'Times New Roman'; mso-ansi-language: DE-CH; mso-fareast-language: EN-US; mso-bidi-language: AR-SA;\">Telefonische Anfragen oder Anfragen zur Verf\u00fcgbarkeit k\u00f6nnen auch \u00fcber die Telefonnummer 079\u00a0579 38 04 gemacht werden.\u00a0<\/span><\/p>\n<p><\/p>\n<p><span style=\"color: #ff0000;\"><strong>Fotos vom Waldhaus finden Sie <a style=\"color: #ff0000;\" href=\"https:\/\/mtvmaegenwil.ch\/?page_id=129\">hier<\/a>.<\/strong><\/span><\/p>\n<p><\/p>\n<p><div id=\"wpgmza_map\" class=\"wpgmza_map\" data-settings='{\"id\":\"1\",\"map_title\":\"New Map\",\"map_width\":\"100\",\"map_height\":\"400\",\"map_start_lat\":\"47.407555133730455\",\"map_start_lng\":\"8.226508112803387\",\"map_start_location\":\"45.950464398418106,-109.81550500000003\",\"map_start_zoom\":\"13\",\"default_marker\":\"\",\"type\":\"0\",\"alignment\":\"4\",\"directions_enabled\":\"0\",\"styling_enabled\":\"0\",\"styling_json\":\"\",\"active\":\"0\",\"kml\":\"\",\"bicycle\":\"0\",\"traffic\":\"0\",\"dbox\":\"0\",\"dbox_width\":\"\",\"listmarkers\":\"0\",\"listmarkers_advanced\":\"0\",\"filterbycat\":\"0\",\"ugm_enabled\":\"0\",\"ugm_category_enabled\":\"0\",\"fusion\":\"\",\"map_width_type\":\"%\",\"map_height_type\":\"px\",\"mass_marker_support\":\"0\",\"ugm_access\":\"0\",\"order_markers_by\":\"0\",\"order_markers_choice\":\"0\",\"show_user_location\":\"0\",\"default_to\":\"\",\"other_settings\":{\"map_type\":1,\"sl_stroke_color\":\"\",\"sl_fill_color\":\"\",\"sl_stroke_opacity\":\"\",\"sl_fill_opacity\":\"\",\"transport_layer\":false,\"action\":\"wpgmza_save_map\",\"redirect_to\":\"\\\/wp-admin\\\/admin-post.php\",\"map_id\":\"1\",\"http_referer\":\"\\\/wp-admin\\\/admin.php?page=wp-google-maps-menu&amp;action=edit&amp;map_id=1\",\"wpgmza_id\":\"1\",\"wpgmza_start_location\":\"47.407555133730455,8.226508112803387\",\"wpgmza_start_zoom\":\"13\",\"store_locator_enabled\":false,\"store_locator_search_area\":\"radial\",\"wpgmza_store_locator_radius_style\":\"legacy\",\"wpgmza_store_locator_default_radius\":\"10\",\"store_locator_auto_area_max_zoom\":\"\",\"store_locator_distance\":false,\"wpgmza_store_locator_position\":false,\"store_locator_show_distance\":false,\"store_locator_category\":false,\"wpgmza_store_locator_use_their_location\":false,\"wpgmza_store_locator_bounce\":false,\"wpgmza_sl_animation\":null,\"wpgmza_store_locator_hide_before_search\":false,\"store_locator_query_string\":\"\",\"store_locator_default_address\":\"\",\"store_locator_name_search\":false,\"store_locator_name_string\":\"\",\"store_locator_not_found_message\":\"\",\"wpgmza_map_align\":\"1\",\"jump_to_nearest_marker_on_initialization\":false,\"automatically_pan_to_users_location\":false,\"override_users_location_zoom_level\":false,\"override_users_location_zoom_levels\":\"\",\"show_distance_from_location\":false,\"map_max_zoom\":\"21\",\"map_min_zoom\":\"0\",\"click_open_link\":false,\"fit_maps_bounds_to_markers\":false,\"fit_maps_bounds_to_markers_after_filtering\":false,\"hide_point_of_interest\":false,\"wpgmza_zoom_on_marker_click\":false,\"wpgmza_zoom_on_marker_click_slider\":\"\",\"close_infowindow_on_map_click\":false,\"disable_lightbox_images\":false,\"use_Raw_Jpeg_Coordinates\":false,\"polygon_labels\":false,\"disable_polygon_info_windows\":false,\"enable_marker_ratings\":false,\"only_load_markers_within_viewport\":false,\"iw_primary_color\":\"\",\"iw_accent_color\":\"\",\"iw_text_color\":\"\",\"wpgmza_listmarkers_by\":\"0\",\"wpgmza_marker_listing_position\":false,\"datatable_no_result_message\":\"\",\"remove_search_box_datables\":false,\"dataTable_pagination_style\":null,\"datatable_search_string\":\"\",\"datatable_result_start\":\"\",\"datatable_result_of\":\"\",\"datatable_result_to\":\"\",\"datatable_result_total\":\"\",\"datatable_result_show\":\"\",\"datatable_result_entries\":\"\",\"wpgmza_savemap\":\"Karte speichern \\u00bb\"}}' data-map-id='1' Data-maps-engine='open-layers' data-shortcode-attributes='{\"id\":\"1\"}' style=\"display:block; overflow:auto; width:100%; height:400px; float:left;\"><\/div>\n<p>-30<\/p>\n<p>\n<\/p>\t\t\t\t\t\t\t\t<\/div>\n\t\t\t\t<\/div>\n\t\t\t\t\t<\/div>\n\t\t<\/div>\n\t\t\t\t\t<\/div>\n\t\t<\/section>\n\t\t\t\t<\/div>\n\t\t","protected":false},"excerpt":{"rendered":"<p>Unser Waldhaus ist geeignet f\u00fcr kleinere Anl\u00e4sse und bietet Platz f\u00fcr ca. 25 -30 Personen. Das vollst\u00e4ndige Formular muss mindestens zwei Wochen vor dem Anlass per E-Mail an waldhaus@mtvmaegenwil.ch zugestellt werden. Die Mietgeb\u00fchr betr\u00e4gt&#46;&#46;&#46;<\/p>\n","protected":false},"author":1,"featured_media":0,"parent":0,"menu_order":0,"comment_status":"closed","ping_status":"closed","template":"","meta":{"ngg_post_thumbnail":0,"footnotes":""},"class_list":["post-158","page","type-page","status-publish","hentry"],"_links":{"self":[{"href":"https:\/\/mtvmaegenwil.ch\/index.php?rest_route=\/wp\/v2\/pages\/158","targetHints":{"allow":["GET"]}}],"collection":[{"href":"https:\/\/mtvmaegenwil.ch\/index.php?rest_route=\/wp\/v2\/pages"}],"about":[{"href":"https:\/\/mtvmaegenwil.ch\/index.php?rest_route=\/wp\/v2\/types\/page"}],"author":[{"embeddable":true,"href":"https:\/\/mtvmaegenwil.ch\/index.php?rest_route=\/wp\/v2\/users\/1"}],"replies":[{"embeddable":true,"href":"https:\/\/mtvmaegenwil.ch\/index.php?rest_route=%2Fwp%2Fv2%2Fcomments&post=158"}],"version-history":[{"count":58,"href":"https:\/\/mtvmaegenwil.ch\/index.php?rest_route=\/wp\/v2\/pages\/158\/revisions"}],"predecessor-version":[{"id":1080,"href":"https:\/\/mtvmaegenwil.ch\/index.php?rest_route=\/wp\/v2\/pages\/158\/revisions\/1080"}],"wp:attachment":[{"href":"https:\/\/mtvmaegenwil.ch\/index.php?rest_route=%2Fwp%2Fv2%2Fmedia&parent=158"}],"curies":[{"name":"wp","href":"https:\/\/api.w.org\/{rel}","templated":true}]}}