{"id":123,"date":"2021-04-19T18:09:13","date_gmt":"2021-04-19T18:09:13","guid":{"rendered":"https:\/\/neu.mtvmaegenwil.ch\/?page_id=123"},"modified":"2026-03-31T12:33:38","modified_gmt":"2026-03-31T12:33:38","slug":"vorstand","status":"publish","type":"page","link":"https:\/\/mtvmaegenwil.ch\/?page_id=123","title":{"rendered":"Vorstand"},"content":{"rendered":"<h2>Pr\u00e4sident<\/h2>\n<p>\t\t\t\t\t\t\t\t\t\t\t\t\t\t\t<img fetchpriority=\"high\" decoding=\"async\" width=\"683\" height=\"1024\" src=\"https:\/\/mtvmaegenwil.ch\/wp-content\/uploads\/2024\/04\/Thomas-Weber-683x1024.jpg\" alt=\"\" srcset=\"https:\/\/mtvmaegenwil.ch\/wp-content\/uploads\/2024\/04\/Thomas-Weber-683x1024.jpg 683w, https:\/\/mtvmaegenwil.ch\/wp-content\/uploads\/2024\/04\/Thomas-Weber-200x300.jpg 200w, https:\/\/mtvmaegenwil.ch\/wp-content\/uploads\/2024\/04\/Thomas-Weber-768x1152.jpg 768w, https:\/\/mtvmaegenwil.ch\/wp-content\/uploads\/2024\/04\/Thomas-Weber-1024x1536.jpg 1024w, https:\/\/mtvmaegenwil.ch\/wp-content\/uploads\/2024\/04\/Thomas-Weber.jpg 1080w\" sizes=\"(max-width: 683px) 100vw, 683px\" \/>\t\t\t\t\t\t\t\t\t\t\t\t\t\t\t<\/p>\n<p>Thomas Weber<\/p>\n<p><a href=\"mailto:praesident@mtvmaegenwil.ch\">praesident@mtvmaegenwil.ch<\/a><\/p>\n<h2>Oberturner<\/h2>\n<p>\t\t\t\t\t\t\t\t\t\t\t\t\t\t\t<img decoding=\"async\" width=\"683\" height=\"1024\" src=\"https:\/\/mtvmaegenwil.ch\/wp-content\/uploads\/2022\/06\/5D1A4676-683x1024.jpg\" alt=\"\" srcset=\"https:\/\/mtvmaegenwil.ch\/wp-content\/uploads\/2022\/06\/5D1A4676-683x1024.jpg 683w, https:\/\/mtvmaegenwil.ch\/wp-content\/uploads\/2022\/06\/5D1A4676-200x300.jpg 200w, https:\/\/mtvmaegenwil.ch\/wp-content\/uploads\/2022\/06\/5D1A4676-768x1152.jpg 768w, https:\/\/mtvmaegenwil.ch\/wp-content\/uploads\/2022\/06\/5D1A4676-1024x1536.jpg 1024w, https:\/\/mtvmaegenwil.ch\/wp-content\/uploads\/2022\/06\/5D1A4676-1365x2048.jpg 1365w, https:\/\/mtvmaegenwil.ch\/wp-content\/uploads\/2022\/06\/5D1A4676-scaled.jpg 1707w\" sizes=\"(max-width: 683px) 100vw, 683px\" \/>\t\t\t\t\t\t\t\t\t\t\t\t\t\t\t<\/p>\n<p>Alan Bruno<\/p>\n<p><a style=\"font-style: normal; font-variant-ligatures: normal; font-variant-caps: normal; font-weight: 400; font-size: 15.84px; font-family: Roboto, sans-serif; color: #444444; transition-property: all;\" href=\"mailto:praesident@mtvmaegenwil.ch\">o<\/a><a href=\"mailto: oberturner@mtvmaegenwil.ch\">berturner@mtvmaegenwil.ch<\/a><\/p>\n<h2>Kassier<\/h2>\n<p>\t\t\t\t\t\t\t\t\t\t\t\t\t\t\t<img decoding=\"async\" width=\"683\" height=\"1024\" src=\"https:\/\/mtvmaegenwil.ch\/wp-content\/uploads\/2022\/06\/5D1A4705-683x1024.jpg\" alt=\"\" srcset=\"https:\/\/mtvmaegenwil.ch\/wp-content\/uploads\/2022\/06\/5D1A4705-683x1024.jpg 683w, https:\/\/mtvmaegenwil.ch\/wp-content\/uploads\/2022\/06\/5D1A4705-200x300.jpg 200w, https:\/\/mtvmaegenwil.ch\/wp-content\/uploads\/2022\/06\/5D1A4705-768x1152.jpg 768w, https:\/\/mtvmaegenwil.ch\/wp-content\/uploads\/2022\/06\/5D1A4705-1024x1536.jpg 1024w, https:\/\/mtvmaegenwil.ch\/wp-content\/uploads\/2022\/06\/5D1A4705-1365x2048.jpg 1365w, https:\/\/mtvmaegenwil.ch\/wp-content\/uploads\/2022\/06\/5D1A4705-scaled.jpg 1707w\" sizes=\"(max-width: 683px) 100vw, 683px\" \/>\t\t\t\t\t\t\t\t\t\t\t\t\t\t\t<\/p>\n<p>Thomas Schreiber<\/p>\n<p><a href=\"mailto:kassier@mtvmaegenwil.ch\">kassier@mtvmaegenwil.ch<\/a><\/p>\n<h2>Aktuar<\/h2>\n<p>\t\t\t\t\t\t\t\t\t\t\t\t\t\t\t<img loading=\"lazy\" decoding=\"async\" width=\"683\" height=\"1024\" src=\"https:\/\/mtvmaegenwil.ch\/wp-content\/uploads\/2022\/06\/5D1A4650-683x1024.jpg\" alt=\"\" srcset=\"https:\/\/mtvmaegenwil.ch\/wp-content\/uploads\/2022\/06\/5D1A4650-683x1024.jpg 683w, https:\/\/mtvmaegenwil.ch\/wp-content\/uploads\/2022\/06\/5D1A4650-200x300.jpg 200w, https:\/\/mtvmaegenwil.ch\/wp-content\/uploads\/2022\/06\/5D1A4650-768x1152.jpg 768w, https:\/\/mtvmaegenwil.ch\/wp-content\/uploads\/2022\/06\/5D1A4650-1024x1536.jpg 1024w, https:\/\/mtvmaegenwil.ch\/wp-content\/uploads\/2022\/06\/5D1A4650-1365x2048.jpg 1365w, https:\/\/mtvmaegenwil.ch\/wp-content\/uploads\/2022\/06\/5D1A4650-scaled.jpg 1707w\" sizes=\"(max-width: 683px) 100vw, 683px\" \/>\t\t\t\t\t\t\t\t\t\t\t\t\t\t\t<\/p>\n<p>Stefan Imhof<\/p>\n<p><a href=\"mailto:aktuar@mtvmaegenwil.ch\">aktuar@mtvmaegenwil.ch<\/a><\/p>\n<h2>H\u00fcttenwart<\/h2>\n<p>\t\t\t\t\t\t\t\t\t\t\t\t\t\t\t<img loading=\"lazy\" decoding=\"async\" width=\"683\" height=\"1024\" src=\"https:\/\/mtvmaegenwil.ch\/wp-content\/uploads\/2022\/06\/5D1A4662-683x1024.jpg\" alt=\"\" srcset=\"https:\/\/mtvmaegenwil.ch\/wp-content\/uploads\/2022\/06\/5D1A4662-683x1024.jpg 683w, https:\/\/mtvmaegenwil.ch\/wp-content\/uploads\/2022\/06\/5D1A4662-200x300.jpg 200w, https:\/\/mtvmaegenwil.ch\/wp-content\/uploads\/2022\/06\/5D1A4662-768x1152.jpg 768w, https:\/\/mtvmaegenwil.ch\/wp-content\/uploads\/2022\/06\/5D1A4662-1024x1536.jpg 1024w, https:\/\/mtvmaegenwil.ch\/wp-content\/uploads\/2022\/06\/5D1A4662-1365x2048.jpg 1365w, https:\/\/mtvmaegenwil.ch\/wp-content\/uploads\/2022\/06\/5D1A4662-scaled.jpg 1707w\" sizes=\"(max-width: 683px) 100vw, 683px\" \/>\t\t\t\t\t\t\t\t\t\t\t\t\t\t\t<\/p>\n<p>Fabian Moser<\/p>\n<p><a href=\"mailto:waldhaus@mtvmaegenwil.ch\">waldhaus@mtvmaegenwil.ch<\/a><\/p>\n<h2>H\u00fcttenwart<\/h2>\n<p>\t\t\t\t\t\t\t\t\t\t\t\t\t\t\t<img loading=\"lazy\" decoding=\"async\" width=\"683\" height=\"1024\" src=\"https:\/\/mtvmaegenwil.ch\/wp-content\/uploads\/2022\/06\/5D1A4672-683x1024.jpg\" alt=\"\" srcset=\"https:\/\/mtvmaegenwil.ch\/wp-content\/uploads\/2022\/06\/5D1A4672-683x1024.jpg 683w, https:\/\/mtvmaegenwil.ch\/wp-content\/uploads\/2022\/06\/5D1A4672-200x300.jpg 200w, https:\/\/mtvmaegenwil.ch\/wp-content\/uploads\/2022\/06\/5D1A4672-768x1152.jpg 768w, https:\/\/mtvmaegenwil.ch\/wp-content\/uploads\/2022\/06\/5D1A4672-1024x1536.jpg 1024w, https:\/\/mtvmaegenwil.ch\/wp-content\/uploads\/2022\/06\/5D1A4672-1365x2048.jpg 1365w, https:\/\/mtvmaegenwil.ch\/wp-content\/uploads\/2022\/06\/5D1A4672-scaled.jpg 1707w\" sizes=\"(max-width: 683px) 100vw, 683px\" \/>\t\t\t\t\t\t\t\t\t\t\t\t\t\t\t<\/p>\n<p>Philipp R\u00fcfenacht<\/p>\n<p><a href=\"mailto:huettenwart2@mtvmaegenwil.ch\">huettenwart2@mtvmaegenwil.ch<\/a><\/p>\n<h2>Beisitzer<\/h2>\n<p>\t\t\t\t\t\t\t\t\t\t\t\t\t\t\t<img loading=\"lazy\" decoding=\"async\" width=\"683\" height=\"1024\" src=\"https:\/\/mtvmaegenwil.ch\/wp-content\/uploads\/2022\/06\/5D1A4693-683x1024.jpg\" alt=\"\" srcset=\"https:\/\/mtvmaegenwil.ch\/wp-content\/uploads\/2022\/06\/5D1A4693-683x1024.jpg 683w, https:\/\/mtvmaegenwil.ch\/wp-content\/uploads\/2022\/06\/5D1A4693-200x300.jpg 200w, https:\/\/mtvmaegenwil.ch\/wp-content\/uploads\/2022\/06\/5D1A4693-768x1152.jpg 768w, https:\/\/mtvmaegenwil.ch\/wp-content\/uploads\/2022\/06\/5D1A4693-1024x1536.jpg 1024w, https:\/\/mtvmaegenwil.ch\/wp-content\/uploads\/2022\/06\/5D1A4693-1365x2048.jpg 1365w, https:\/\/mtvmaegenwil.ch\/wp-content\/uploads\/2022\/06\/5D1A4693-scaled.jpg 1707w\" sizes=\"(max-width: 683px) 100vw, 683px\" \/>\t\t\t\t\t\t\t\t\t\t\t\t\t\t\t<\/p>\n<p>Timo B\u00fcnzli<\/p>\n<p>\u00a0<\/p>\n","protected":false},"excerpt":{"rendered":"<p>Pr\u00e4sident Thomas Weber praesident@mtvmaegenwil.ch Oberturner Alan Bruno oberturner@mtvmaegenwil.ch Kassier Thomas Schreiber kassier@mtvmaegenwil.ch Aktuar Stefan Imhof aktuar@mtvmaegenwil.ch H\u00fcttenwart Fabian Moser waldhaus@mtvmaegenwil.ch H\u00fcttenwart Philipp R\u00fcfenacht huettenwart2@mtvmaegenwil.ch Beisitzer Timo B\u00fcnzli \u00a0<\/p>\n","protected":false},"author":1,"featured_media":0,"parent":0,"menu_order":0,"comment_status":"closed","ping_status":"closed","template":"","meta":{"ngg_post_thumbnail":0,"footnotes":""},"class_list":["post-123","page","type-page","status-publish","hentry"],"_links":{"self":[{"href":"https:\/\/mtvmaegenwil.ch\/index.php?rest_route=\/wp\/v2\/pages\/123","targetHints":{"allow":["GET"]}}],"collection":[{"href":"https:\/\/mtvmaegenwil.ch\/index.php?rest_route=\/wp\/v2\/pages"}],"about":[{"href":"https:\/\/mtvmaegenwil.ch\/index.php?rest_route=\/wp\/v2\/types\/page"}],"author":[{"embeddable":true,"href":"https:\/\/mtvmaegenwil.ch\/index.php?rest_route=\/wp\/v2\/users\/1"}],"replies":[{"embeddable":true,"href":"https:\/\/mtvmaegenwil.ch\/index.php?rest_route=%2Fwp%2Fv2%2Fcomments&post=123"}],"version-history":[{"count":126,"href":"https:\/\/mtvmaegenwil.ch\/index.php?rest_route=\/wp\/v2\/pages\/123\/revisions"}],"predecessor-version":[{"id":1211,"href":"https:\/\/mtvmaegenwil.ch\/index.php?rest_route=\/wp\/v2\/pages\/123\/revisions\/1211"}],"wp:attachment":[{"href":"https:\/\/mtvmaegenwil.ch\/index.php?rest_route=%2Fwp%2Fv2%2Fmedia&parent=123"}],"curies":[{"name":"wp","href":"https:\/\/api.w.org\/{rel}","templated":true}]}}